{"id":11,"date":"2024-12-11T14:28:06","date_gmt":"2024-12-11T13:28:06","guid":{"rendered":"https:\/\/www.influence.esecetudiant.fr\/?page_id=11"},"modified":"2024-12-12T11:15:45","modified_gmt":"2024-12-12T10:15:45","slug":"home","status":"publish","type":"page","link":"https:\/\/www.influence.esecetudiant.fr\/","title":{"rendered":"HOME"},"content":{"rendered":"\t\t<div data-elementor-type=\"wp-page\" data-elementor-id=\"11\" class=\"elementor elementor-11\">\n\t\t\t\t<div class=\"elementor-element elementor-element-fc4df0c e-flex e-con-boxed e-con e-parent\" data-id=\"fc4df0c\" data-element_type=\"container\">\n\t\t\t\t\t<div class=\"e-con-inner\">\n\t\t\t\t<div class=\"elementor-element elementor-element-5b9d71b elementor-widget__width-initial elementor-widget elementor-widget-contentviews_widget_scrollable\" data-id=\"5b9d71b\" data-element_type=\"widget\" data-widget_type=\"contentviews_widget_scrollable.default\">\n\t\t\t\t<div class=\"elementor-widget-container\">\n\t\t\t<div class='pt-cv-wrapper'> <div class=\"pt-cv-view pt-cv-scrollable pt-cv-colsys iscvblock iscvelementor scrollable layout1\" id=\"pt-cv-view-5b9d71b\"><div data-id=\"pt-cv-page-1\" class=\"pt-cv-page\" data-cvc=\"1\"><div id=\"67e7970ivx\" class=\"pt-cv-carousel pt-cv-slide\" data-ride=\"cvcarousel\" data-interval=false><ol class=\"pt-cv-carousel-indicators\"><li data-target=\"#67e7970ivx\" data-cvslide-to=\"0\" class=\"active\"><\/li>\n<li data-target=\"#67e7970ivx\" data-cvslide-to=\"1\" class=\"\"><\/li>\n<li data-target=\"#67e7970ivx\" data-cvslide-to=\"2\" class=\"\"><\/li><\/ol>\n<div class=\"carousel-inner\"><div class=\"item active\"><div class=\"row\"><div class=\"col-md-12 pt-cv-content-item pt-cv-1-col\" ><div class=\"pt-cv-thumb-wrapper  \"><a href=\"https:\/\/www.influence.esecetudiant.fr\/?p=97\" class=\"_self pt-cv-href-thumbnail pt-cv-thumb-default\" target=\"_self\" ><img fetchpriority=\"high\" decoding=\"async\" width=\"1024\" height=\"644\" src=\"https:\/\/www.influence.esecetudiant.fr\/wp-content\/uploads\/2024\/12\/67984859-47943899-1024x644.jpg\" class=\"pt-cv-thumbnail\" alt=\"\" \/><\/a><\/div>\n<div class=\"pt-cv-carousel-caption pt-cv-cap-w-img\"><div class=\"pt-cv-taxoterm above_title\"><a href='https:\/\/www.influence.esecetudiant.fr\/?cat=5' title='BON PLAN' class='pt-cv-tax-bon-plan'>BON PLAN<\/a><\/div>\n<h4 class=\"pt-cv-title\"><a href=\"https:\/\/www.influence.esecetudiant.fr\/?p=97\" class=\"_self\" target=\"_self\" >S&rsquo;envoler \u00e0 New York pour pas cher !<\/a><\/h4>\n<div class=\"pt-cv-content\">https:\/\/www.youtube.com\/watch?v=13zLEWUSf6A&#038;ab_channel=VPNproenFran%C3%A7ais%F0%9F%87%AB%F0%9F%87%B7 ...<\/div>\n<div class=\"pt-cv-rmwrap\"><a href=\"https:\/\/www.influence.esecetudiant.fr\/?p=97\" class=\"_self pt-cv-readmore btn btn-success\" target=\"_self\" >Lire La Suite\u2026<\/a><\/div>\n<div class=\"pt-cv-meta-fields\"><span class=\"entry-date\"> <time datetime=\"2024-12-12T11:11:04+01:00\">12 d\u00e9cembre 2024<\/time><\/span><span> \/ <\/span><span class=\"author\"> <a href=\"https:\/\/www.influence.esecetudiant.fr\/?author=1\" rel=\"author\">Leo<\/a><\/span><\/div><\/div><\/div><\/div><\/div>\n<div class=\"item\"><div class=\"row\"><div class=\"col-md-12 pt-cv-content-item pt-cv-1-col\" ><div class=\"pt-cv-thumb-wrapper  \"><a href=\"https:\/\/www.influence.esecetudiant.fr\/?p=88\" class=\"_self pt-cv-href-thumbnail pt-cv-thumb-default\" target=\"_self\" ><img decoding=\"async\" width=\"1024\" height=\"661\" src=\"https:\/\/www.influence.esecetudiant.fr\/wp-content\/uploads\/2024\/12\/scene-de-baignade-a-qingdao-dans-la-province-chinoise-de-shandong-photo-d-illustration-domaine-public-1545252488-1024x661.jpg\" class=\"pt-cv-thumbnail\" alt=\"\" \/><\/a><\/div>\n<div class=\"pt-cv-carousel-caption pt-cv-cap-w-img\"><div class=\"pt-cv-taxoterm above_title\"><a href='https:\/\/www.influence.esecetudiant.fr\/?cat=3' title='INFORMATION' class='pt-cv-tax-information'>INFORMATION<\/a><\/div>\n<h4 class=\"pt-cv-title\"><a href=\"https:\/\/www.influence.esecetudiant.fr\/?p=88\" class=\"_self\" target=\"_self\" >Les lieux \u00e0 \u00e9viter cet \u00e9t\u00e9<\/a><\/h4>\n<div class=\"pt-cv-content\"> ...<\/div>\n<div class=\"pt-cv-rmwrap\"><a href=\"https:\/\/www.influence.esecetudiant.fr\/?p=88\" class=\"_self pt-cv-readmore btn btn-success\" target=\"_self\" >Lire La Suite\u2026<\/a><\/div>\n<div class=\"pt-cv-meta-fields\"><span class=\"entry-date\"> <time datetime=\"2024-12-12T11:05:31+01:00\">12 d\u00e9cembre 2024<\/time><\/span><span> \/ <\/span><span class=\"author\"> <a href=\"https:\/\/www.influence.esecetudiant.fr\/?author=1\" rel=\"author\">Leo<\/a><\/span><\/div><\/div><\/div><\/div><\/div>\n<div class=\"item\"><div class=\"row\"><div class=\"col-md-12 pt-cv-content-item pt-cv-1-col\" ><div class=\"pt-cv-thumb-wrapper  \"><a href=\"https:\/\/www.influence.esecetudiant.fr\/?p=40\" class=\"_self pt-cv-href-thumbnail pt-cv-thumb-default\" target=\"_self\" ><img decoding=\"async\" width=\"1024\" height=\"683\" src=\"https:\/\/www.influence.esecetudiant.fr\/wp-content\/uploads\/2024\/12\/ATUCMgllUmhUflxjB3VWclV0UjoOdAMx-1024x683.jpg\" class=\"pt-cv-thumbnail\" alt=\"\" \/><\/a><\/div>\n<div class=\"pt-cv-carousel-caption pt-cv-cap-w-img\"><div class=\"pt-cv-taxoterm above_title\"><a href='https:\/\/www.influence.esecetudiant.fr\/?cat=3' title='INFORMATION' class='pt-cv-tax-information'>INFORMATION<\/a><\/div>\n<h4 class=\"pt-cv-title\"><a href=\"https:\/\/www.influence.esecetudiant.fr\/?p=40\" class=\"_self\" target=\"_self\" >Les lieux \u00e0 visiter cet hiver<\/a><\/h4>\n<div class=\"pt-cv-content\"> ...<\/div>\n<div class=\"pt-cv-rmwrap\"><a href=\"https:\/\/www.influence.esecetudiant.fr\/?p=40\" class=\"_self pt-cv-readmore btn btn-success\" target=\"_self\" >Lire La Suite\u2026<\/a><\/div>\n<div class=\"pt-cv-meta-fields\"><span class=\"entry-date\"> <time datetime=\"2024-12-11T15:00:57+01:00\">11 d\u00e9cembre 2024<\/time><\/span><span> \/ <\/span><span class=\"author\"> <a href=\"https:\/\/www.influence.esecetudiant.fr\/?author=1\" rel=\"author\">Leo<\/a><\/span><\/div><\/div><\/div><\/div><\/div><\/div>\n<a class=\"left carousel-control\" data-target=\"#67e7970ivx\" data-cvslide=\"prev\">\r\n\t\t\t\t\t\t<span class=\"glyphicon glyphicon-chevron-left\"><\/span>\r\n\t\t\t\t\t<\/a>\r\n\t\t\t\t\t<a class=\"right carousel-control\" data-target=\"#67e7970ivx\" data-cvslide=\"next\">\r\n\t\t\t\t\t\t<span class=\"glyphicon glyphicon-chevron-right\"><\/span>\r\n\t\t\t\t\t<\/a><\/div><\/div><\/div> <\/div> \t\t<\/div>\n\t\t\t\t<\/div>\n\t\t\t\t\t<\/div>\n\t\t\t\t<\/div>\n\t\t<div class=\"elementor-element elementor-element-b61edea e-flex e-con-boxed e-con e-parent\" data-id=\"b61edea\" data-element_type=\"container\">\n\t\t\t\t\t<div class=\"e-con-inner\">\n\t\t\t\t\t<\/div>\n\t\t\t\t<\/div>\n\t\t\t\t<\/div>\n\t\t","protected":false},"excerpt":{"rendered":"<p>BON PLAN S&rsquo;envoler \u00e0 New York pour pas cher ! &#8230; Lire La Suite\u2026 12 d\u00e9cembre 2024 \/ Leo INFORMATION Les lieux \u00e0 \u00e9viter cet \u00e9t\u00e9 &#8230; Lire La Suite\u2026 12 d\u00e9cembre 2024 \/ Leo INFORMATION Les lieux \u00e0 visiter cet hiver &#8230; Lire La Suite\u2026 11 d\u00e9cembre 2024 \/&#8230;<\/p>\n<p> <a class=\"continue-reading-link\" href=\"https:\/\/www.influence.esecetudiant.fr\/?p=40\"><span>Continue reading<\/span><i class=\"crycon-right-dir\"><\/i><\/a> <\/p>\n","protected":false},"author":1,"featured_media":0,"parent":0,"menu_order":0,"comment_status":"closed","ping_status":"open","template":"","meta":{"footnotes":""},"class_list":["post-11","page","type-page","status-publish","hentry"],"_links":{"self":[{"href":"https:\/\/www.influence.esecetudiant.fr\/index.php?rest_route=\/wp\/v2\/pages\/11","targetHints":{"allow":["GET"]}}],"collection":[{"href":"https:\/\/www.influence.esecetudiant.fr\/index.php?rest_route=\/wp\/v2\/pages"}],"about":[{"href":"https:\/\/www.influence.esecetudiant.fr\/index.php?rest_route=\/wp\/v2\/types\/page"}],"author":[{"embeddable":true,"href":"https:\/\/www.influence.esecetudiant.fr\/index.php?rest_route=\/wp\/v2\/users\/1"}],"replies":[{"embeddable":true,"href":"https:\/\/www.influence.esecetudiant.fr\/index.php?rest_route=%2Fwp%2Fv2%2Fcomments&post=11"}],"version-history":[{"count":25,"href":"https:\/\/www.influence.esecetudiant.fr\/index.php?rest_route=\/wp\/v2\/pages\/11\/revisions"}],"predecessor-version":[{"id":105,"href":"https:\/\/www.influence.esecetudiant.fr\/index.php?rest_route=\/wp\/v2\/pages\/11\/revisions\/105"}],"wp:attachment":[{"href":"https:\/\/www.influence.esecetudiant.fr\/index.php?rest_route=%2Fwp%2Fv2%2Fmedia&parent=11"}],"curies":[{"name":"wp","href":"https:\/\/api.w.org\/{rel}","templated":true}]}}